{"id":163,"date":"2016-02-27T11:04:56","date_gmt":"2016-02-27T10:04:56","guid":{"rendered":"http:\/\/weingut-gorges-mueller.de\/wp\/?page_id=163"},"modified":"2023-02-19T16:00:04","modified_gmt":"2023-02-19T15:00:04","slug":"spaetburgunder","status":"publish","type":"page","link":"https:\/\/weingut-gorges-mueller.de\/wp\/rebsorten\/rote-sorten\/spaetburgunder\/","title":{"rendered":"Sp\u00e4tburgunder (Pinot noir)"},"content":{"rendered":"<p>Der Sp\u00e4tburgunder hat unter den roten Rebsorten eine \u00e4hnlich gro\u00dfe Bedeutung wie der Riesling unter den wei\u00dfen Sorten.<img loading=\"lazy\" decoding=\"async\" class=\"wp-image-16278 alignright\" src=\"https:\/\/weingut-gorges-mueller.de\/wp\/wp-content\/uploads\/2023\/02\/IMG_20191009_144314_Bokeh.jpg\" alt=\"\" width=\"500\" height=\"667\" srcset=\"https:\/\/weingut-gorges-mueller.de\/wp\/wp-content\/uploads\/2023\/02\/IMG_20191009_144314_Bokeh.jpg 1024w, https:\/\/weingut-gorges-mueller.de\/wp\/wp-content\/uploads\/2023\/02\/IMG_20191009_144314_Bokeh-225x300.jpg 225w, https:\/\/weingut-gorges-mueller.de\/wp\/wp-content\/uploads\/2023\/02\/IMG_20191009_144314_Bokeh-768x1024.jpg 768w, https:\/\/weingut-gorges-mueller.de\/wp\/wp-content\/uploads\/2023\/02\/IMG_20191009_144314_Bokeh-500x667.jpg 500w\" sizes=\"auto, (max-width: 500px) 100vw, 500px\" \/><\/p>\n<p style=\"text-align: left;\"><img loading=\"lazy\" decoding=\"async\" class=\"alignleft wp-image-15352\" src=\"https:\/\/weingut-gorges-mueller.de\/wp\/wp-content\/uploads\/2021\/11\/Traube_des_blauen_Spaetburgunders.jpg\" alt=\"\" width=\"400\" height=\"601\" srcset=\"https:\/\/weingut-gorges-mueller.de\/wp\/wp-content\/uploads\/2021\/11\/Traube_des_blauen_Spaetburgunders.jpg 426w, https:\/\/weingut-gorges-mueller.de\/wp\/wp-content\/uploads\/2021\/11\/Traube_des_blauen_Spaetburgunders-200x300.jpg 200w\" sizes=\"auto, (max-width: 400px) 100vw, 400px\" \/>Weltweit z\u00e4hlt er zu den wichtigsten Rotweinsorten, ist ein \u201eglobal player\u201c und in Deutschland die fl\u00e4chenm\u00e4\u00dfig wichtigste Rotweinsorte.<\/p>\n<p>Seine klimatischen Anspr\u00fcche sind relativ hoch, wobei \u2013 im Gegensatz zum Riesling \u2013 die B\u00f6den aber nicht zu steinig sein sollten. Feinerdereiche Steillagen und die klimatischen w\u00e4rmsten Ecken in unseren Hangfu\u00dflagen sind in Burgen und Wintrich die Standorte f\u00fcr den Sp\u00e4tburgunder.<\/p>\n<p>Durch fr\u00fchzeitiges Freistellen der Trauben, fr\u00fchzeitige Negativselektion angeschlagener Trauben und weitere Ma\u00dfnahmen werden wir diesen Anforderungen gerecht.<\/p>\n<p><a href=\"https:\/\/de.wikipedia.org\/wiki\/Pinot_noir\">Weitere Infos zur Sorte<\/a><\/p>\n<p><a href=\"https:\/\/weingut-gorges-mueller.de\/wp\/?s=sp\u00e4tburgunder&amp;post_type=product\">Zu unseren Sp\u00e4tburgunder Weinen<\/a><\/p>\n","protected":false},"excerpt":{"rendered":"<p>Der Sp\u00e4tburgunder hat unter den roten Rebsorten eine \u00e4hnlich gro\u00dfe Bedeutung wie der Riesling unter den wei\u00dfen Sorten. Weltweit z\u00e4hlt er zu den wichtigsten Rotweinsorten, ist ein \u201eglobal player\u201c und in Deutschland die fl\u00e4chenm\u00e4\u00dfig wichtigste Rotweinsorte. Seine klimatischen Anspr\u00fcche sind relativ hoch, wobei \u2013 im Gegensatz zum Riesling \u2013 die B\u00f6den aber nicht zu steinig&hellip;&nbsp;<a href=\"https:\/\/weingut-gorges-mueller.de\/wp\/rebsorten\/rote-sorten\/spaetburgunder\/\" rel=\"bookmark\">Weiterlesen &raquo;<span class=\"screen-reader-text\">Sp\u00e4tburgunder (Pinot noir)<\/span><\/a><\/p>\n","protected":false},"author":1,"featured_media":0,"parent":161,"menu_order":0,"comment_status":"closed","ping_status":"closed","template":"","meta":{"neve_meta_sidebar":"","neve_meta_container":"","neve_meta_enable_content_width":"","neve_meta_content_width":0,"neve_meta_title_alignment":"","neve_meta_author_avatar":"","neve_post_elements_order":"","neve_meta_disable_header":"","neve_meta_disable_footer":"","neve_meta_disable_title":"","footnotes":""},"class_list":["post-163","page","type-page","status-publish","hentry"],"_links":{"self":[{"href":"https:\/\/weingut-gorges-mueller.de\/wp\/wp-json\/wp\/v2\/pages\/163","targetHints":{"allow":["GET"]}}],"collection":[{"href":"https:\/\/weingut-gorges-mueller.de\/wp\/wp-json\/wp\/v2\/pages"}],"about":[{"href":"https:\/\/weingut-gorges-mueller.de\/wp\/wp-json\/wp\/v2\/types\/page"}],"author":[{"embeddable":true,"href":"https:\/\/weingut-gorges-mueller.de\/wp\/wp-json\/wp\/v2\/users\/1"}],"replies":[{"embeddable":true,"href":"https:\/\/weingut-gorges-mueller.de\/wp\/wp-json\/wp\/v2\/comments?post=163"}],"version-history":[{"count":0,"href":"https:\/\/weingut-gorges-mueller.de\/wp\/wp-json\/wp\/v2\/pages\/163\/revisions"}],"up":[{"embeddable":true,"href":"https:\/\/weingut-gorges-mueller.de\/wp\/wp-json\/wp\/v2\/pages\/161"}],"wp:attachment":[{"href":"https:\/\/weingut-gorges-mueller.de\/wp\/wp-json\/wp\/v2\/media?parent=163"}],"curies":[{"name":"wp","href":"https:\/\/api.w.org\/{rel}","templated":true}]}}