{"id":165,"date":"2016-02-27T11:05:44","date_gmt":"2016-02-27T10:05:44","guid":{"rendered":"http:\/\/weingut-gorges-mueller.de\/wp\/?page_id=165"},"modified":"2021-10-30T13:00:24","modified_gmt":"2021-10-30T11:00:24","slug":"dornfelder","status":"publish","type":"page","link":"https:\/\/weingut-gorges-mueller.de\/wp\/rebsorten\/rote-sorten\/dornfelder\/","title":{"rendered":"Dornfelder"},"content":{"rendered":"<p>Der Dornfelder ist eine unvergleichliche rote Erfolgsgeschichte. Er wurde 1955 aus den beiden eher bedeutungslosen Rotweinsorten Helfensteiner und Heroldrebe gekreuzt. Seit Ende der achtziger Jahre ist der Dornfelder in Deutschland durchgestartet, so dass sich die Rebfl\u00e4che in den neunziger Jahren sprunghaft erweitert hat. Zeitweise war jede zweite in Rheinland-Pfalz neu gepflanzte Rebe eine Dornfelderrebe. Mittlerweile stagniert der Anbau. Die herausragenden Eigenschaften der Sorte werden aber dazu f\u00fchren, dass sie in Deutschland eine gro\u00dfe Bedeutung f\u00fcr die Erzeugung fruchtiger gut gef\u00e4rbte Rotweine behalten wird. International hat die Sorte keine gro\u00dfe Bedeutung erlangt.<\/p>\n<p><img loading=\"lazy\" decoding=\"async\" class=\"wp-image-15278 size-full alignleft\" src=\"https:\/\/weingut-gorges-mueller.de\/wp\/wp-content\/uploads\/2021\/10\/reifenjde-Dornfeldertrauben-e1635591607278.jpg\" alt=\"\" width=\"400\" height=\"423\">Der Erfolg kommt nicht von ungef\u00e4hr. F\u00fcr den Winzer bietet er den Vorteil, dass es sich um eine unkomplizierte Sorte mit wundersch\u00f6nen gro\u00dfen Trauben handelt. Farbstoffreich , locker und dadurch wenig f\u00e4ulnisanf\u00e4llig sind die Trauben. Die moderaten S\u00e4urewerte erleichtern den Ausbau als Rotwein.<\/p>\n<p>Der Ertragsr\u00fcckgang in unseren \u00e4ltesten Dornfelderfl\u00e4chen zeigt uns heute aber auch nachhaltig, welche gro\u00dfartigen Qualit\u00e4ten sich aus dieser Sorte gewinnen lassen.<\/p>\n<p>Der Dornfelder hat unter unseren roten Sorten einen \u00e4hnlichen Stellenwert wie der M\u00fcller-Thurgau bei den wei\u00dfen Sorten. Ein verl\u00e4sslicher Begleiter f\u00fcr den Alltag, den wir Ihnen aufgrund der Problemlosigkeit zu attraktiven Konditionen anbieten k\u00f6nnen.<\/p>\n<p>Unsere Dornfelderfl\u00e4chen finden Sie in den Hangfu\u00dflagen in Burgen und Wintrich.<\/p>\n<p><a href=\"https:\/\/de.wikipedia.org\/wiki\/Dornfelder\">Weitere Infos zur Sorte<\/a><\/p>\n<p><a href=\"https:\/\/weingut-gorges-mueller.de\/wp\/?s=dornfelder&amp;post_type=product\">Zu unseren Dornfelderweinen<\/a><\/p>\n","protected":false},"excerpt":{"rendered":"<p>Der Dornfelder ist eine unvergleichliche rote Erfolgsgeschichte. Er wurde 1955 aus den beiden eher bedeutungslosen Rotweinsorten Helfensteiner und Heroldrebe gekreuzt. Seit Ende der achtziger Jahre ist der Dornfelder in Deutschland durchgestartet, so dass sich die Rebfl\u00e4che in den neunziger Jahren sprunghaft erweitert hat. Zeitweise war jede zweite in Rheinland-Pfalz neu gepflanzte Rebe eine Dornfelderrebe. Mittlerweile&hellip;&nbsp;<a href=\"https:\/\/weingut-gorges-mueller.de\/wp\/rebsorten\/rote-sorten\/dornfelder\/\" rel=\"bookmark\">Weiterlesen &raquo;<span class=\"screen-reader-text\">Dornfelder<\/span><\/a><\/p>\n","protected":false},"author":1,"featured_media":0,"parent":161,"menu_order":0,"comment_status":"closed","ping_status":"closed","template":"","meta":{"neve_meta_sidebar":"","neve_meta_container":"","neve_meta_enable_content_width":"","neve_meta_content_width":0,"neve_meta_title_alignment":"","neve_meta_author_avatar":"","neve_post_elements_order":"","neve_meta_disable_header":"","neve_meta_disable_footer":"","neve_meta_disable_title":"","footnotes":""},"class_list":["post-165","page","type-page","status-publish","hentry"],"_links":{"self":[{"href":"https:\/\/weingut-gorges-mueller.de\/wp\/wp-json\/wp\/v2\/pages\/165","targetHints":{"allow":["GET"]}}],"collection":[{"href":"https:\/\/weingut-gorges-mueller.de\/wp\/wp-json\/wp\/v2\/pages"}],"about":[{"href":"https:\/\/weingut-gorges-mueller.de\/wp\/wp-json\/wp\/v2\/types\/page"}],"author":[{"embeddable":true,"href":"https:\/\/weingut-gorges-mueller.de\/wp\/wp-json\/wp\/v2\/users\/1"}],"replies":[{"embeddable":true,"href":"https:\/\/weingut-gorges-mueller.de\/wp\/wp-json\/wp\/v2\/comments?post=165"}],"version-history":[{"count":0,"href":"https:\/\/weingut-gorges-mueller.de\/wp\/wp-json\/wp\/v2\/pages\/165\/revisions"}],"up":[{"embeddable":true,"href":"https:\/\/weingut-gorges-mueller.de\/wp\/wp-json\/wp\/v2\/pages\/161"}],"wp:attachment":[{"href":"https:\/\/weingut-gorges-mueller.de\/wp\/wp-json\/wp\/v2\/media?parent=165"}],"curies":[{"name":"wp","href":"https:\/\/api.w.org\/{rel}","templated":true}]}}